{"id":177,"date":"2021-01-24T16:31:07","date_gmt":"2021-01-24T16:31:07","guid":{"rendered":"https:\/\/ataarau.ch\/?page_id=177"},"modified":"2021-02-15T21:15:08","modified_gmt":"2021-02-15T21:15:08","slug":"diagnosearbeiten","status":"publish","type":"page","link":"https:\/\/ataarau.ch\/?page_id=177","title":{"rendered":"Diagnosearbeiten"},"content":{"rendered":"\n<h2 class=\"has-text-align-center\"><\/h2>\n\n\n\n<p class=\"has-text-align-center\"><strong><span class=\"has-inline-color has-black-color\">Egal ob die Motorenkontrollleuchte brennt oder sich Ihr Fahrzeug gerade wieder von seiner schlechtesten Seite zeigt, wie helfen Ihnen. Durch die Verwendung modernster Diagnoseger\u00e4ten und jahrelanger Erfahrung gehen wir den Problemen auf den Grund und suchen f\u00fcr Sie die optimale L\u00f6sung.<\/span><\/strong><br><br><br><\/p>\n\n\n\n<div class=\"wp-block-nextend-smartslider3\"><\/div>\n","protected":false},"excerpt":{"rendered":"<p>Egal ob die Motorenkontrollleuchte brennt oder sich Ihr Fahrzeug gerade wieder von seiner schlechtesten Seite zeigt, wie helfen Ihnen. Durch die Verwendung modernster Diagnoseger\u00e4ten und jahrelanger Erfahrung gehen wir den Problemen auf den Grund und suchen f\u00fcr Sie die optimale L\u00f6sung.<\/p>\n","protected":false},"author":1,"featured_media":0,"parent":0,"menu_order":0,"comment_status":"closed","ping_status":"closed","template":"","meta":[],"_links":{"self":[{"href":"https:\/\/ataarau.ch\/index.php?rest_route=\/wp\/v2\/pages\/177"}],"collection":[{"href":"https:\/\/ataarau.ch\/index.php?rest_route=\/wp\/v2\/pages"}],"about":[{"href":"https:\/\/ataarau.ch\/index.php?rest_route=\/wp\/v2\/types\/page"}],"author":[{"embeddable":true,"href":"https:\/\/ataarau.ch\/index.php?rest_route=\/wp\/v2\/users\/1"}],"replies":[{"embeddable":true,"href":"https:\/\/ataarau.ch\/index.php?rest_route=%2Fwp%2Fv2%2Fcomments&post=177"}],"version-history":[{"count":7,"href":"https:\/\/ataarau.ch\/index.php?rest_route=\/wp\/v2\/pages\/177\/revisions"}],"predecessor-version":[{"id":374,"href":"https:\/\/ataarau.ch\/index.php?rest_route=\/wp\/v2\/pages\/177\/revisions\/374"}],"wp:attachment":[{"href":"https:\/\/ataarau.ch\/index.php?rest_route=%2Fwp%2Fv2%2Fmedia&parent=177"}],"curies":[{"name":"wp","href":"https:\/\/api.w.org\/{rel}","templated":true}]}}